{"id":1406,"date":"2024-03-07T11:32:37","date_gmt":"2024-03-07T11:32:37","guid":{"rendered":"https:\/\/valentinamocchi.it\/lezioni\/?page_id=1406"},"modified":"2024-06-17T11:23:41","modified_gmt":"2024-06-17T11:23:41","slug":"rituali-di-benessere","status":"publish","type":"page","link":"https:\/\/valentinamocchi.it\/lezioni\/rituali-di-benessere\/","title":{"rendered":"Rituali di benessere"},"content":{"rendered":"\n<div class=\"wp-block-group\"><div class=\"wp-block-group__inner-container is-layout-constrained wp-block-group-is-layout-constrained\"><style>.wp-block-kadence-spacer.kt-block-spacer-1406_307f4f-f7 .kt-block-spacer{height:60px;}.wp-block-kadence-spacer.kt-block-spacer-1406_307f4f-f7 .kt-divider{border-top-width:1px;height:1px;border-top-color:#eee;width:80%;border-top-style:solid;}<\/style>\n<div class=\"wp-block-kadence-spacer aligncenter kt-block-spacer-1406_307f4f-f7\"><div class=\"kt-block-spacer kt-block-spacer-halign-center\"><hr class=\"kt-divider\"\/><\/div><\/div>\n\n\n<style>.kb-row-layout-id1406_26b98b-5c > .kt-row-column-wrap{align-content:start;}:where(.kb-row-layout-id1406_26b98b-5c > .kt-row-column-wrap) > .wp-block-kadence-column{justify-content:start;}.kb-row-layout-id1406_26b98b-5c > .kt-row-column-wrap{column-gap:var(--global-kb-gap-md, 2rem);row-gap:var(--global-kb-gap-md, 2rem);max-width:1000px;margin-left:auto;margin-right:auto;padding-top:var(--global-kb-spacing-sm, 1.5rem);padding-bottom:var(--global-kb-spacing-sm, 1.5rem);grid-template-columns:minmax(0, 1fr);}.kb-row-layout-id1406_26b98b-5c > .kt-row-layout-overlay{opacity:0.30;}@media all and (max-width: 1024px){.kb-row-layout-id1406_26b98b-5c > .kt-row-column-wrap{grid-template-columns:minmax(0, 1fr);}}@media all and (max-width: 767px){.kb-row-layout-id1406_26b98b-5c > .kt-row-column-wrap{row-gap:var(--global-kb-gap-lg, 4rem);max-width:767px;margin-left:auto;margin-right:auto;grid-template-columns:minmax(0, 1fr);}}<\/style><div class=\"kb-row-layout-wrap kb-row-layout-id1406_26b98b-5c alignnone wp-block-kadence-rowlayout\"><div class=\"kt-row-column-wrap kt-has-1-columns kt-row-layout-equal kt-tab-layout-inherit kt-mobile-layout-row kt-row-valign-top\">\n<style>.kadence-column1406_449f36-fc > .kt-inside-inner-col,.kadence-column1406_449f36-fc > .kt-inside-inner-col:before{border-top-left-radius:0px;border-top-right-radius:0px;border-bottom-right-radius:0px;border-bottom-left-radius:0px;}.kadence-column1406_449f36-fc > .kt-inside-inner-col{column-gap:var(--global-kb-gap-sm, 1rem);}.kadence-column1406_449f36-fc > .kt-inside-inner-col{flex-direction:column;}.kadence-column1406_449f36-fc > .kt-inside-inner-col > .aligncenter{width:100%;}.kadence-column1406_449f36-fc > .kt-inside-inner-col:before{opacity:0.3;}.kadence-column1406_449f36-fc{position:relative;}@media all and (max-width: 1024px){.kadence-column1406_449f36-fc > .kt-inside-inner-col{flex-direction:column;justify-content:center;}}@media all and (max-width: 767px){.kadence-column1406_449f36-fc > .kt-inside-inner-col{flex-direction:column;justify-content:center;}}<\/style>\n<div class=\"wp-block-kadence-column kadence-column1406_449f36-fc\"><div class=\"kt-inside-inner-col\">\n<h2 class=\"wp-block-heading has-text-align-center\" style=\"margin-top:0;margin-right:var(--wp--preset--spacing--80);margin-bottom:0;margin-left:var(--wp--preset--spacing--80)\">Un percorso creato per chi desidera inserire rituali di benessere nel proprio quotidiano e ritrovare il proprio equilibrio interiore attraverso la pratica dello yoga.<\/h2>\n<\/div><\/div>\n\n<\/div><\/div>\n\n<style>.kadence-column1406_9cd19c-b2 > .kt-inside-inner-col,.kadence-column1406_9cd19c-b2 > .kt-inside-inner-col:before{border-top-left-radius:0px;border-top-right-radius:0px;border-bottom-right-radius:0px;border-bottom-left-radius:0px;}.kadence-column1406_9cd19c-b2 > .kt-inside-inner-col{column-gap:var(--global-kb-gap-sm, 1rem);}.kadence-column1406_9cd19c-b2 > .kt-inside-inner-col{flex-direction:column;}.kadence-column1406_9cd19c-b2 > .kt-inside-inner-col > .aligncenter{width:100%;}.kadence-column1406_9cd19c-b2 > .kt-inside-inner-col:before{opacity:0.3;}.kadence-column1406_9cd19c-b2{position:relative;}@media all and (max-width: 1024px){.kadence-column1406_9cd19c-b2 > .kt-inside-inner-col{flex-direction:column;justify-content:center;}}@media all and (max-width: 767px){.kadence-column1406_9cd19c-b2 > .kt-inside-inner-col{flex-direction:column;justify-content:center;}}<\/style>\n<div class=\"wp-block-kadence-column kadence-column1406_9cd19c-b2\"><div class=\"kt-inside-inner-col\"><style>.wp-block-kadence-spacer.kt-block-spacer-1406_2f8d8e-70 .kt-block-spacer{height:60px;}.wp-block-kadence-spacer.kt-block-spacer-1406_2f8d8e-70 .kt-divider{border-top-width:1px;height:1px;border-top-color:#eee;width:80%;border-top-style:solid;}<\/style>\n<div class=\"wp-block-kadence-spacer aligncenter kt-block-spacer-1406_2f8d8e-70\"><div class=\"kt-block-spacer kt-block-spacer-halign-center\"><hr class=\"kt-divider\"\/><\/div><\/div>\n<\/div><\/div>\n\n\n<style>.kadence-column1406_bdd028-52 > .kt-inside-inner-col,.kadence-column1406_bdd028-52 > .kt-inside-inner-col:before{border-top-left-radius:0px;border-top-right-radius:0px;border-bottom-right-radius:0px;border-bottom-left-radius:0px;}.kadence-column1406_bdd028-52 > .kt-inside-inner-col{column-gap:var(--global-kb-gap-sm, 1rem);}.kadence-column1406_bdd028-52 > .kt-inside-inner-col{flex-direction:column;}.kadence-column1406_bdd028-52 > .kt-inside-inner-col > .aligncenter{width:100%;}.kadence-column1406_bdd028-52 > .kt-inside-inner-col:before{opacity:0.3;}.kadence-column1406_bdd028-52{position:relative;}@media all and (max-width: 1024px){.kadence-column1406_bdd028-52 > .kt-inside-inner-col{flex-direction:column;justify-content:center;}}@media all and (max-width: 767px){.kadence-column1406_bdd028-52 > .kt-inside-inner-col{flex-direction:column;justify-content:center;}}<\/style>\n<div class=\"wp-block-kadence-column kadence-column1406_bdd028-52\"><div class=\"kt-inside-inner-col\"><\/div><\/div>\n\n\n<style>.kb-row-layout-id1406_274b52-be > .kt-row-column-wrap{align-content:start;}:where(.kb-row-layout-id1406_274b52-be > .kt-row-column-wrap) > .wp-block-kadence-column{justify-content:start;}.kb-row-layout-id1406_274b52-be > .kt-row-column-wrap{column-gap:var(--global-kb-gap-md, 2rem);row-gap:var(--global-kb-gap-md, 2rem);padding-top:var(--global-kb-spacing-sm, 1.5rem);padding-bottom:var(--global-kb-spacing-sm, 1.5rem);grid-template-columns:minmax(0, 1fr);}.kb-row-layout-id1406_274b52-be > .kt-row-layout-overlay{opacity:0.30;}@media all and (max-width: 1024px){.kb-row-layout-id1406_274b52-be > .kt-row-column-wrap{grid-template-columns:minmax(0, 1fr);}}@media all and (max-width: 767px){.kb-row-layout-id1406_274b52-be > .kt-row-column-wrap{grid-template-columns:minmax(0, 1fr);}}<\/style><div class=\"kb-row-layout-wrap kb-row-layout-id1406_274b52-be alignnone wp-block-kadence-rowlayout\"><div class=\"kt-row-column-wrap kt-has-1-columns kt-row-layout-equal kt-tab-layout-inherit kt-mobile-layout-row kt-row-valign-top\">\n<style>.kadence-column1406_f2137b-3f > .kt-inside-inner-col,.kadence-column1406_f2137b-3f > .kt-inside-inner-col:before{border-top-left-radius:0px;border-top-right-radius:0px;border-bottom-right-radius:0px;border-bottom-left-radius:0px;}.kadence-column1406_f2137b-3f > .kt-inside-inner-col{column-gap:var(--global-kb-gap-sm, 1rem);}.kadence-column1406_f2137b-3f > .kt-inside-inner-col{flex-direction:column;}.kadence-column1406_f2137b-3f > .kt-inside-inner-col > .aligncenter{width:100%;}.kadence-column1406_f2137b-3f > .kt-inside-inner-col:before{opacity:0.3;}.kadence-column1406_f2137b-3f{position:relative;}@media all and (max-width: 1024px){.kadence-column1406_f2137b-3f > .kt-inside-inner-col{flex-direction:column;justify-content:center;}}@media all and (max-width: 767px){.kadence-column1406_f2137b-3f > .kt-inside-inner-col{flex-direction:column;justify-content:center;}}<\/style>\n<div class=\"wp-block-kadence-column kadence-column1406_f2137b-3f\"><div class=\"kt-inside-inner-col\"><div class=\"wp-block-image\">\n<figure class=\"aligncenter size-full is-resized\"><img loading=\"lazy\" decoding=\"async\" width=\"1707\" height=\"1138\" src=\"https:\/\/valentinamocchi.it\/lezioni\/wp-content\/uploads\/2024\/06\/A5A0036-edited.jpg\" alt=\"\" class=\"wp-image-1697\" style=\"aspect-ratio:1.499267935578331;object-fit:cover;width:430px;height:auto\" srcset=\"https:\/\/valentinamocchi.it\/lezioni\/wp-content\/uploads\/2024\/06\/A5A0036-edited.jpg 1707w, https:\/\/valentinamocchi.it\/lezioni\/wp-content\/uploads\/2024\/06\/A5A0036-edited-300x200.jpg 300w, https:\/\/valentinamocchi.it\/lezioni\/wp-content\/uploads\/2024\/06\/A5A0036-edited-1024x683.jpg 1024w, https:\/\/valentinamocchi.it\/lezioni\/wp-content\/uploads\/2024\/06\/A5A0036-edited-768x512.jpg 768w, https:\/\/valentinamocchi.it\/lezioni\/wp-content\/uploads\/2024\/06\/A5A0036-edited-1536x1024.jpg 1536w, https:\/\/valentinamocchi.it\/lezioni\/wp-content\/uploads\/2024\/06\/A5A0036-edited-600x400.jpg 600w\" sizes=\"auto, (max-width: 1707px) 100vw, 1707px\" \/><\/figure><\/div>\n\n<style>.kadence-column1406_4007c7-eb > .kt-inside-inner-col{display:flex;}.kadence-column1406_4007c7-eb{max-width:800px;margin-left:auto;margin-right:auto;}.wp-block-kadence-column.kb-section-dir-horizontal:not(.kb-section-md-dir-vertical)>.kt-inside-inner-col>.kadence-column1406_4007c7-eb{-webkit-flex:0 1 800px;flex:0 1 800px;max-width:unset;margin-left:unset;margin-right:unset;}.kadence-column1406_4007c7-eb > .kt-inside-inner-col{padding-top:var(--global-kb-spacing-md, 2rem);padding-right:var(--global-kb-spacing-md, 2rem);padding-bottom:var(--global-kb-spacing-md, 2rem);padding-left:var(--global-kb-spacing-md, 2rem);}.kadence-column1406_4007c7-eb > .kt-inside-inner-col,.kadence-column1406_4007c7-eb > .kt-inside-inner-col:before{border-top-left-radius:0px;border-top-right-radius:0px;border-bottom-right-radius:0px;border-bottom-left-radius:0px;}.kadence-column1406_4007c7-eb > .kt-inside-inner-col{row-gap:var(--global-kb-gap-md, 2rem);column-gap:var(--global-kb-gap-sm, 1rem);}.kadence-column1406_4007c7-eb > .kt-inside-inner-col{flex-direction:column;}.kadence-column1406_4007c7-eb > .kt-inside-inner-col > .aligncenter{width:100%;}.kadence-column1406_4007c7-eb > .kt-inside-inner-col:before{opacity:0.3;}.kadence-column1406_4007c7-eb{position:relative;}@media all and (min-width: 1025px){.wp-block-kadence-column.kb-section-dir-horizontal>.kt-inside-inner-col>.kadence-column1406_4007c7-eb{-webkit-flex:0 1 800px;flex:0 1 800px;max-width:unset;margin-left:unset;margin-right:unset;}}@media all and (max-width: 1024px){.kadence-column1406_4007c7-eb > .kt-inside-inner-col{flex-direction:column;justify-content:center;}}@media all and (max-width: 767px){.wp-block-kadence-column.kb-section-sm-dir-vertical:not(.kb-section-sm-dir-horizontal):not(.kb-section-sm-dir-specificity)>.kt-inside-inner-col>.kadence-column1406_4007c7-eb{max-width:800px;-webkit-flex:1;flex:1;margin-left:auto;margin-right:auto;}.kadence-column1406_4007c7-eb > .kt-inside-inner-col{flex-direction:column;justify-content:center;}}<\/style>\n<div class=\"wp-block-kadence-column kadence-column1406_4007c7-eb\"><div class=\"kt-inside-inner-col\">\n<h2 class=\"wp-block-heading has-text-align-center\">Acquista il corso completo<\/h2>\n\n\n\n<h2 class=\"wp-block-heading has-text-align-center has-theme-palette-4-color has-text-color\" style=\"font-size:60px;font-style:normal;font-weight:700\">\u20ac 69.00<\/h2>\n\n\n<style>.wp-block-kadence-advancedheading.kt-adv-heading1406_fed069-fa, .wp-block-kadence-advancedheading.kt-adv-heading1406_fed069-fa[data-kb-block=\"kb-adv-heading1406_fed069-fa\"]{text-align:center;font-style:normal;color:#00a2e8;}.wp-block-kadence-advancedheading.kt-adv-heading1406_fed069-fa mark.kt-highlight, .wp-block-kadence-advancedheading.kt-adv-heading1406_fed069-fa[data-kb-block=\"kb-adv-heading1406_fed069-fa\"] mark.kt-highlight{font-style:normal;color:#f76a0c;-webkit-box-decoration-break:clone;box-decoration-break:clone;padding-top:0px;padding-right:0px;padding-bottom:0px;padding-left:0px;}.wp-block-kadence-advancedheading.kt-adv-heading1406_fed069-fa img.kb-inline-image, .wp-block-kadence-advancedheading.kt-adv-heading1406_fed069-fa[data-kb-block=\"kb-adv-heading1406_fed069-fa\"] img.kb-inline-image{width:150px;vertical-align:baseline;}<\/style>\n<h3 class=\"kt-adv-heading1406_fed069-fa wp-block-kadence-advancedheading\" data-kb-block=\"kb-adv-heading1406_fed069-fa\"><strong>TUO PER SEMPRE<\/strong><\/h3>\n\n\n\n<div class=\"wp-block-buttons is-content-justification-center is-layout-flex wp-container-core-buttons-is-layout-16018d1d wp-block-buttons-is-layout-flex\">\n<div class=\"wp-block-button\"><a class=\"wp-block-button__link wp-element-button\" href=\"https:\/\/valentinamocchi.it\/lezioni\/prodotto\/rituali-di-benessere\/\">ACQUISTA<\/a><\/div>\n<\/div>\n\n\n\n<h2 class=\"wp-block-heading\" style=\"margin-right:0;margin-left:0\">Cosa troverai:<\/h2>\n\n\n\n<ul class=\"wp-block-list\">\n<li style=\"margin-right:0;margin-left:0\"><strong>Risvegliare tutto il corpo <\/strong>&#8211; minuti 46:13<\/li>\n\n\n\n<li style=\"margin-right:0;margin-left:0\"><strong>Focus forza<\/strong> &#8211; minuti 42:38<\/li>\n\n\n\n<li style=\"margin-right:0;margin-left:0\"><strong>Anche e allungamenti<\/strong> &#8211; minuti 40:16<\/li>\n\n\n\n<li style=\"margin-right:0;margin-left:0\"><strong>Focus schiena e spalle<\/strong> &#8211; minuti 23:11<\/li>\n\n\n\n<li style=\"margin-right:0;margin-left:0\"><strong>Focus addome<\/strong> &#8211; minuti 46:48<\/li>\n\n\n\n<li style=\"margin-right:0;margin-left:0\"><strong>Torsioni e mobilit\u00e0 anche<\/strong> &#8211; minuti 40:09<\/li>\n\n\n\n<li style=\"margin-right:0;margin-left:0\"><strong>Corpo piu flessibile<\/strong> &#8211; minuti 45:12<\/li>\n\n\n\n<li style=\"margin-right:0;margin-left:0\"><strong>Full body flow<\/strong> &#8211; minuti 51:05<\/li>\n\n\n\n<li style=\"margin-right:0;margin-left:0\"><strong>Focus schiena<\/strong> &#8211; minuti 49:03<\/li>\n\n\n\n<li style=\"margin-right:0;margin-left:0\"><strong>Aperture del petto<\/strong> &#8211; minuti 45:03<\/li>\n<\/ul>\n\n\n\n<p style=\"margin-right:0;margin-left:0\"><strong>Il corpo \u00e8 lo strumento che ci permette di camminare verso una maggiore consapevolezza di se stessi.<\/strong><\/p>\n\n\n\n<p style=\"margin-right:0;margin-left:0\"><strong>10 lezioni yoga da portare sempre con te e da praticare quando e dove preferisci, accedendo da qualsiasi dispositivo. Un percorso che, oltre a rendere il tuo corpo pi\u00f9 flessibile migliorandone la postura e la mobilit\u00e0, ti aiuter\u00e0 a trovare armonia e cura nei confronti di te stessa.<\/strong><\/p>\n\n\n\n<p style=\"margin-right:0;margin-left:0\"><strong>Quando praticare yoga?<br>Non sempre sembra fattibile.<br>Per pigrizia, mancanza di tempo, indolenzimenti, malumore, frenesia generica.<br>Non sempre sembra fattibile\u2026 se star bene non \u00e8 ancora una priorit\u00e0.<br>Negli anni ho notato come muovere il mio corpo ogni giorno mi abbia dato gli strumenti per trasformare profondamente la mia vita e il mio sentire, cos\u00ec come le mie giornate e il modo in cui vado loro incontro.<\/strong><\/p>\n\n\n\n<p style=\"margin-right:0;margin-left:0\"><strong>Prova anche tu a trasformare le tue giornate introducendo piccoli rituali di benessere attraverso la pratica dello yoga.<\/strong><\/p>\n\n\n\n<p style=\"margin-right:0;margin-left:0\"><strong>Che tu sia stanca, triste, arrabbiata o felice,<br>che tu sia sola in casa o no,<br>che tu abbia bisogno di sentire fatica o solo di rilassare il corpo,<br>che tu senta il bisogno di sfidarmi o calmarmi,<br>il tuo corpo imparer\u00e0 ad aprirsi a quello che c\u2019\u00e8.<\/strong><\/p>\n\n\n\n<p style=\"margin-right:0;margin-left:0\"><strong>Ti accorgerai delle tue chiusure e rigidit\u00e0, di come respiri, di come reagisci a stare sul tappetino.<br>Che sia per 10 minuti, mezz\u2019ora o un\u2019ora, ogni volta avrai la possibilit\u00e0 di vedere e prendere maggiore consapevolezza del tuo corpo, dei suoi limiti cos\u00ec come della sua forza.<\/strong><\/p>\n\n\n\n<p style=\"margin-right:0;margin-bottom:0;margin-left:0\"><strong>\u00c8 conoscersi tra l\u2019impegnarsi e l\u2019arrendersi.<br>\u00c8 conoscersi nella fatica e nella frustrazione.<br>\u00c8 riconoscersi nel lasciarsi andare.<br>\u00c8 rallentare per tornare a ritmi pi\u00f9 naturali.<br>Lo yoga \u00e8 una pratica di vita.<br>\u00c8 sviluppare un\u2019attenzione sempre pi\u00f9 fine e riportarla nella vita di tutti i giorni, nelle relazioni, nel lavoro, e rilassarsi nella vita nonostante gli impegni e i suoi \u201crichiami all\u2019ordine\u201d.<br>\u00c8 vivere a \u201clivelli pi\u00f9 alti\u201d.<\/strong><\/p>\n\n\n\n<figure class=\"wp-block-pullquote\" style=\"padding-right:0;padding-left:0\"><blockquote><p>\u201c\u00c8 facile dimenticare, nella confusione della vita quotidiana, che abbiamo tutti la capacit\u00e0 innata di essere calmi e in pace.\u201d<\/p><\/blockquote><\/figure>\n\n\n\n<p style=\"margin-right:0;margin-left:0\"><strong>Buona pratica.<\/strong><\/p>\n\n\n\n<p style=\"margin-right:0;margin-left:0\"><strong>Da cuore a cuore,<br>Valentina<\/strong><\/p>\n<\/div><\/div>\n<\/div><\/div>\n\n<\/div><\/div>\n\n<style>.kadence-column1406_5057ac-2d > .kt-inside-inner-col,.kadence-column1406_5057ac-2d > .kt-inside-inner-col:before{border-top-left-radius:0px;border-top-right-radius:0px;border-bottom-right-radius:0px;border-bottom-left-radius:0px;}.kadence-column1406_5057ac-2d > .kt-inside-inner-col{column-gap:var(--global-kb-gap-sm, 1rem);}.kadence-column1406_5057ac-2d > .kt-inside-inner-col{flex-direction:column;}.kadence-column1406_5057ac-2d > .kt-inside-inner-col > .aligncenter{width:100%;}.kadence-column1406_5057ac-2d > .kt-inside-inner-col:before{opacity:0.3;}.kadence-column1406_5057ac-2d{position:relative;}@media all and (max-width: 1024px){.kadence-column1406_5057ac-2d > .kt-inside-inner-col{flex-direction:column;justify-content:center;}}@media all and (max-width: 767px){.kadence-column1406_5057ac-2d > .kt-inside-inner-col{flex-direction:column;justify-content:center;}}<\/style>\n<div class=\"wp-block-kadence-column kadence-column1406_5057ac-2d\"><div class=\"kt-inside-inner-col\"><\/div><\/div>\n\n\n\n<p style=\"margin-right:var(--wp--preset--spacing--80);margin-left:var(--wp--preset--spacing--80)\"><\/p>\n<\/div><\/div>\n","protected":false},"excerpt":{"rendered":"<p>Un percorso creato per chi desidera inserire rituali di benessere nel proprio quotidiano e ritrovare il proprio equilibrio interiore attraverso la pratica dello yoga. Acquista il corso completo \u20ac 69.00 TUO PER SEMPRE Cosa troverai: Il corpo \u00e8 lo strumento che ci permette di camminare verso una maggiore consapevolezza di se stessi. 10 lezioni yoga&#8230;<\/p>\n","protected":false},"author":1,"featured_media":0,"parent":0,"menu_order":0,"comment_status":"closed","ping_status":"closed","template":"","meta":{"_kadence_starter_templates_imported_post":false,"_kad_post_transparent":"","_kad_post_title":"","_kad_post_layout":"","_kad_post_sidebar_id":"","_kad_post_content_style":"","_kad_post_vertical_padding":"","_kad_post_feature":"","_kad_post_feature_position":"","_kad_post_header":false,"_kad_post_footer":false,"_kad_post_classname":"","footnotes":""},"class_list":["post-1406","page","type-page","status-publish","hentry"],"jetpack_sharing_enabled":true,"_links":{"self":[{"href":"https:\/\/valentinamocchi.it\/lezioni\/wp-json\/wp\/v2\/pages\/1406","targetHints":{"allow":["GET"]}}],"collection":[{"href":"https:\/\/valentinamocchi.it\/lezioni\/wp-json\/wp\/v2\/pages"}],"about":[{"href":"https:\/\/valentinamocchi.it\/lezioni\/wp-json\/wp\/v2\/types\/page"}],"author":[{"embeddable":true,"href":"https:\/\/valentinamocchi.it\/lezioni\/wp-json\/wp\/v2\/users\/1"}],"replies":[{"embeddable":true,"href":"https:\/\/valentinamocchi.it\/lezioni\/wp-json\/wp\/v2\/comments?post=1406"}],"version-history":[{"count":29,"href":"https:\/\/valentinamocchi.it\/lezioni\/wp-json\/wp\/v2\/pages\/1406\/revisions"}],"predecessor-version":[{"id":1714,"href":"https:\/\/valentinamocchi.it\/lezioni\/wp-json\/wp\/v2\/pages\/1406\/revisions\/1714"}],"wp:attachment":[{"href":"https:\/\/valentinamocchi.it\/lezioni\/wp-json\/wp\/v2\/media?parent=1406"}],"curies":[{"name":"wp","href":"https:\/\/api.w.org\/{rel}","templated":true}]}}